{"id":35,"date":"2021-11-10T23:06:27","date_gmt":"2021-11-10T23:06:27","guid":{"rendered":"http:\/\/rybianski.com\/?page_id=35"},"modified":"2023-01-11T21:26:31","modified_gmt":"2023-01-11T21:26:31","slug":"kontakt","status":"publish","type":"page","link":"https:\/\/rybianski.com\/index.php\/kontakt\/","title":{"rendered":"Kontakt"},"content":{"rendered":"\r\n<div class=\"wp-block-columns is-layout-flex wp-container-core-columns-is-layout-9d6595d7 wp-block-columns-is-layout-flex\">\r\n<div class=\"wp-block-column is-layout-flow wp-block-column-is-layout-flow\" style=\"flex-basis: 100%;\">\r\n<div class=\"wp-block-group\"><div class=\"wp-block-group__inner-container is-layout-flow wp-block-group-is-layout-flow\">\r\n<div class=\"wp-block-columns is-layout-flex wp-container-core-columns-is-layout-9d6595d7 wp-block-columns-is-layout-flex\">\r\n<div class=\"wp-block-column is-layout-flow wp-block-column-is-layout-flow\" style=\"flex-basis: 100%;\">\r\n<div class=\"wp-block-columns is-layout-flex wp-container-core-columns-is-layout-9d6595d7 wp-block-columns-is-layout-flex\">\r\n<div class=\"wp-block-column is-layout-flow wp-block-column-is-layout-flow\" style=\"flex-basis: 100%;\">\r\n<p>Zadzwo\u0144:\u00a0<a href=\"tel:+48504404107\">504 404 107<\/a><\/p>\r\n\r\n\r\n\r\n<p>Napisz: <a href=\"mailto:adwokat@rybianski.com\">adwokat@rybianski.com<\/a><\/p>\r\n<p>\u00a0 \u00a0 \u00a0 \u00a0 \u00a0 \u00a0 \u00a0 \u00a0 <a href=\"mailto:adwokatrybianski@gmail.com\">adwokatrybianski@gmail.com<\/a><\/p>\r\n<p>&nbsp;<\/p>\r\n<p><strong style=\"font-size: 1rem;\">Lublin<\/strong><\/p>\r\n<div class=\"wp-block-columns\">\r\n<div class=\"wp-block-column\">\r\n\r\n\r\n<p style=\"text-align: left;\">ul. Narutowicza 64\/11<\/p>\r\n\r\n\r\n\r\n<p>20-013 Lublin<\/p>\r\n\r\n\r\n\r\n<p><a href=\"https:\/\/www.google.com\/maps\/place\/Prezydenta+Gabriela+Narutowicza+64,+20-001+Lublin\/@51.24086,22.554339,17z\/data=!3m1!4b1!4m5!3m4!1s0x4722576fd23fb27f:0x192be406358118c0!8m2!3d51.24086!4d22.554339\" target=\"_blank\" rel=\"noreferrer noopener\">Kliknij by zobaczy\u0107 na mapie<\/a><\/p>\r\n<\/div>\r\n<\/div>\r\n<\/div>\r\n<\/div>\r\n<\/div><\/div>\r\n<\/div>\r\n<\/div>\r\n<\/div>\r\n<!-- \/wp:post-content --><\/div>\r\n<!-- \/wp:columns -->","protected":false},"excerpt":{"rendered":"<p>Zadzwo\u0144:\u00a0504 404 107 Napisz: adwokat@rybianski.com \u00a0 \u00a0 \u00a0 \u00a0 \u00a0 \u00a0 \u00a0 \u00a0 adwokatrybianski@gmail.com &nbsp; Lublin ul. Narutowicza 64\/11 20-013 Lublin Kliknij by zobaczy\u0107 na mapie<\/p>\n","protected":false},"author":1,"featured_media":146,"parent":0,"menu_order":0,"comment_status":"closed","ping_status":"closed","template":"","meta":{"footnotes":""},"class_list":["post-35","page","type-page","status-publish","has-post-thumbnail","hentry"],"yoast_head":"<!-- This site is optimized with the Yoast SEO plugin v27.4 - https:\/\/yoast.com\/product\/yoast-seo-wordpress\/ -->\n<title>Kontakt - Adwokat adw. Kamil Rybia\u0144ski Lublin<\/title>\n<meta name=\"description\" content=\"adwokata Kamila Rybia\u0144skiego znajdziesz Lublinie. \u0141atwo skontaktujesz si\u0119 z nim przez telefon, mail i czat na stronie.\" \/>\n<meta name=\"robots\" content=\"index, follow, max-snippet:-1, max-image-preview:large, max-video-preview:-1\" \/>\n<link rel=\"canonical\" href=\"https:\/\/rybianski.com\/index.php\/kontakt\/\" \/>\n<meta property=\"og:locale\" content=\"pl_PL\" \/>\n<meta property=\"og:type\" content=\"article\" \/>\n<meta property=\"og:title\" content=\"Kontakt - Adwokat adw. Kamil Rybia\u0144ski Lublin\" \/>\n<meta property=\"og:description\" content=\"adwokata Kamila Rybia\u0144skiego znajdziesz Lublinie. \u0141atwo skontaktujesz si\u0119 z nim przez telefon, mail i czat na stronie.\" \/>\n<meta property=\"og:url\" content=\"https:\/\/rybianski.com\/index.php\/kontakt\/\" \/>\n<meta property=\"og:site_name\" content=\"adw. Kamil Rybia\u0144ski\" \/>\n<meta property=\"article:modified_time\" content=\"2023-01-11T21:26:31+00:00\" \/>\n<meta property=\"og:image\" content=\"https:\/\/rybianski.com\/wp-content\/uploads\/2021\/11\/IMG_7104-scaled.jpeg\" \/>\n\t<meta property=\"og:image:width\" content=\"2560\" \/>\n\t<meta property=\"og:image:height\" content=\"1536\" \/>\n\t<meta property=\"og:image:type\" content=\"image\/jpeg\" \/>\n<meta name=\"twitter:card\" content=\"summary_large_image\" \/>\n<meta name=\"twitter:label1\" content=\"Szacowany czas czytania\" \/>\n\t<meta name=\"twitter:data1\" content=\"1 minuta\" \/>\n<script type=\"application\/ld+json\" class=\"yoast-schema-graph\">{\"@context\":\"https:\\\/\\\/schema.org\",\"@graph\":[{\"@type\":\"WebPage\",\"@id\":\"https:\\\/\\\/rybianski.com\\\/index.php\\\/kontakt\\\/\",\"url\":\"https:\\\/\\\/rybianski.com\\\/index.php\\\/kontakt\\\/\",\"name\":\"Kontakt - Adwokat adw. Kamil Rybia\u0144ski Lublin\",\"isPartOf\":{\"@id\":\"https:\\\/\\\/rybianski.com\\\/#website\"},\"primaryImageOfPage\":{\"@id\":\"https:\\\/\\\/rybianski.com\\\/index.php\\\/kontakt\\\/#primaryimage\"},\"image\":{\"@id\":\"https:\\\/\\\/rybianski.com\\\/index.php\\\/kontakt\\\/#primaryimage\"},\"thumbnailUrl\":\"https:\\\/\\\/rybianski.com\\\/wp-content\\\/uploads\\\/2021\\\/11\\\/IMG_7104-scaled.jpeg\",\"datePublished\":\"2021-11-10T23:06:27+00:00\",\"dateModified\":\"2023-01-11T21:26:31+00:00\",\"description\":\"adwokata Kamila Rybia\u0144skiego znajdziesz Lublinie. \u0141atwo skontaktujesz si\u0119 z nim przez telefon, mail i czat na stronie.\",\"breadcrumb\":{\"@id\":\"https:\\\/\\\/rybianski.com\\\/index.php\\\/kontakt\\\/#breadcrumb\"},\"inLanguage\":\"pl-PL\",\"potentialAction\":[{\"@type\":\"ReadAction\",\"target\":[\"https:\\\/\\\/rybianski.com\\\/index.php\\\/kontakt\\\/\"]}]},{\"@type\":\"ImageObject\",\"inLanguage\":\"pl-PL\",\"@id\":\"https:\\\/\\\/rybianski.com\\\/index.php\\\/kontakt\\\/#primaryimage\",\"url\":\"https:\\\/\\\/rybianski.com\\\/wp-content\\\/uploads\\\/2021\\\/11\\\/IMG_7104-scaled.jpeg\",\"contentUrl\":\"https:\\\/\\\/rybianski.com\\\/wp-content\\\/uploads\\\/2021\\\/11\\\/IMG_7104-scaled.jpeg\",\"width\":2560,\"height\":1536},{\"@type\":\"BreadcrumbList\",\"@id\":\"https:\\\/\\\/rybianski.com\\\/index.php\\\/kontakt\\\/#breadcrumb\",\"itemListElement\":[{\"@type\":\"ListItem\",\"position\":1,\"name\":\"Strona g\u0142\u00f3wna\",\"item\":\"https:\\\/\\\/rybianski.com\\\/\"},{\"@type\":\"ListItem\",\"position\":2,\"name\":\"Kontakt\"}]},{\"@type\":\"WebSite\",\"@id\":\"https:\\\/\\\/rybianski.com\\\/#website\",\"url\":\"https:\\\/\\\/rybianski.com\\\/\",\"name\":\"adw. Kamil Rybia\u0144ski\",\"description\":\"ADWOKAT\",\"potentialAction\":[{\"@type\":\"SearchAction\",\"target\":{\"@type\":\"EntryPoint\",\"urlTemplate\":\"https:\\\/\\\/rybianski.com\\\/?s={search_term_string}\"},\"query-input\":{\"@type\":\"PropertyValueSpecification\",\"valueRequired\":true,\"valueName\":\"search_term_string\"}}],\"inLanguage\":\"pl-PL\"}]}<\/script>\n<!-- \/ Yoast SEO plugin. -->","yoast_head_json":{"title":"Kontakt - Adwokat adw. Kamil Rybia\u0144ski Lublin","description":"adwokata Kamila Rybia\u0144skiego znajdziesz Lublinie. \u0141atwo skontaktujesz si\u0119 z nim przez telefon, mail i czat na stronie.","robots":{"index":"index","follow":"follow","max-snippet":"max-snippet:-1","max-image-preview":"max-image-preview:large","max-video-preview":"max-video-preview:-1"},"canonical":"https:\/\/rybianski.com\/index.php\/kontakt\/","og_locale":"pl_PL","og_type":"article","og_title":"Kontakt - Adwokat adw. Kamil Rybia\u0144ski Lublin","og_description":"adwokata Kamila Rybia\u0144skiego znajdziesz Lublinie. \u0141atwo skontaktujesz si\u0119 z nim przez telefon, mail i czat na stronie.","og_url":"https:\/\/rybianski.com\/index.php\/kontakt\/","og_site_name":"adw. Kamil Rybia\u0144ski","article_modified_time":"2023-01-11T21:26:31+00:00","og_image":[{"width":2560,"height":1536,"url":"https:\/\/rybianski.com\/wp-content\/uploads\/2021\/11\/IMG_7104-scaled.jpeg","type":"image\/jpeg"}],"twitter_card":"summary_large_image","twitter_misc":{"Szacowany czas czytania":"1 minuta"},"schema":{"@context":"https:\/\/schema.org","@graph":[{"@type":"WebPage","@id":"https:\/\/rybianski.com\/index.php\/kontakt\/","url":"https:\/\/rybianski.com\/index.php\/kontakt\/","name":"Kontakt - Adwokat adw. Kamil Rybia\u0144ski Lublin","isPartOf":{"@id":"https:\/\/rybianski.com\/#website"},"primaryImageOfPage":{"@id":"https:\/\/rybianski.com\/index.php\/kontakt\/#primaryimage"},"image":{"@id":"https:\/\/rybianski.com\/index.php\/kontakt\/#primaryimage"},"thumbnailUrl":"https:\/\/rybianski.com\/wp-content\/uploads\/2021\/11\/IMG_7104-scaled.jpeg","datePublished":"2021-11-10T23:06:27+00:00","dateModified":"2023-01-11T21:26:31+00:00","description":"adwokata Kamila Rybia\u0144skiego znajdziesz Lublinie. \u0141atwo skontaktujesz si\u0119 z nim przez telefon, mail i czat na stronie.","breadcrumb":{"@id":"https:\/\/rybianski.com\/index.php\/kontakt\/#breadcrumb"},"inLanguage":"pl-PL","potentialAction":[{"@type":"ReadAction","target":["https:\/\/rybianski.com\/index.php\/kontakt\/"]}]},{"@type":"ImageObject","inLanguage":"pl-PL","@id":"https:\/\/rybianski.com\/index.php\/kontakt\/#primaryimage","url":"https:\/\/rybianski.com\/wp-content\/uploads\/2021\/11\/IMG_7104-scaled.jpeg","contentUrl":"https:\/\/rybianski.com\/wp-content\/uploads\/2021\/11\/IMG_7104-scaled.jpeg","width":2560,"height":1536},{"@type":"BreadcrumbList","@id":"https:\/\/rybianski.com\/index.php\/kontakt\/#breadcrumb","itemListElement":[{"@type":"ListItem","position":1,"name":"Strona g\u0142\u00f3wna","item":"https:\/\/rybianski.com\/"},{"@type":"ListItem","position":2,"name":"Kontakt"}]},{"@type":"WebSite","@id":"https:\/\/rybianski.com\/#website","url":"https:\/\/rybianski.com\/","name":"adw. Kamil Rybia\u0144ski","description":"ADWOKAT","potentialAction":[{"@type":"SearchAction","target":{"@type":"EntryPoint","urlTemplate":"https:\/\/rybianski.com\/?s={search_term_string}"},"query-input":{"@type":"PropertyValueSpecification","valueRequired":true,"valueName":"search_term_string"}}],"inLanguage":"pl-PL"}]}},"_links":{"self":[{"href":"https:\/\/rybianski.com\/index.php\/wp-json\/wp\/v2\/pages\/35","targetHints":{"allow":["GET"]}}],"collection":[{"href":"https:\/\/rybianski.com\/index.php\/wp-json\/wp\/v2\/pages"}],"about":[{"href":"https:\/\/rybianski.com\/index.php\/wp-json\/wp\/v2\/types\/page"}],"author":[{"embeddable":true,"href":"https:\/\/rybianski.com\/index.php\/wp-json\/wp\/v2\/users\/1"}],"replies":[{"embeddable":true,"href":"https:\/\/rybianski.com\/index.php\/wp-json\/wp\/v2\/comments?post=35"}],"version-history":[{"count":13,"href":"https:\/\/rybianski.com\/index.php\/wp-json\/wp\/v2\/pages\/35\/revisions"}],"predecessor-version":[{"id":219,"href":"https:\/\/rybianski.com\/index.php\/wp-json\/wp\/v2\/pages\/35\/revisions\/219"}],"wp:featuredmedia":[{"embeddable":true,"href":"https:\/\/rybianski.com\/index.php\/wp-json\/wp\/v2\/media\/146"}],"wp:attachment":[{"href":"https:\/\/rybianski.com\/index.php\/wp-json\/wp\/v2\/media?parent=35"}],"curies":[{"name":"wp","href":"https:\/\/api.w.org\/{rel}","templated":true}]}}