{"id":33,"date":"2021-11-10T23:06:27","date_gmt":"2021-11-10T23:06:27","guid":{"rendered":"http:\/\/rybianski.com\/?page_id=33"},"modified":"2023-01-11T21:30:42","modified_gmt":"2023-01-11T21:30:42","slug":"adwokat-w-lublinie","status":"publish","type":"page","link":"https:\/\/rybianski.com\/","title":{"rendered":"O mnie"},"content":{"rendered":"\r\n<p class=\"has-text-align-left\" style=\"text-align: justify;\">Jestem adwokatem \u015bwiadcz\u0105cym pomoc prawn\u0105 z zakresu prawa karnego, cywilnego, administracyjnego dla os\u00f3b indywidualnych jaki i przedsi\u0119biorc\u00f3w.<\/p>\r\n\r\n\r\n\r\n<p class=\"has-text-align-left\" style=\"text-align: justify;\">Prowadz\u0119 kancelari\u0119 adwokack\u0105 stacjonarnie jak i online.<\/p>\r\n<p style=\"text-align: justify;\">Udzielam porad prawnych, a tak\u017ce reprezentuj\u0119 osoby i podmioty gospodarcze przed S\u0105dami i innymi instytucjami pa\u0144stwowymi maj\u0105c na uwadze przede wszystkim dobro i interes Klient\u00f3w.<\/p>\r\n\r\n\r\n","protected":false},"excerpt":{"rendered":"<p>Jestem adwokatem \u015bwiadcz\u0105cym pomoc prawn\u0105 z zakresu prawa karnego, cywilnego, administracyjnego dla os\u00f3b indywidualnych jaki i przedsi\u0119biorc\u00f3w. Prowadz\u0119 kancelari\u0119 adwokack\u0105 stacjonarnie jak i online. Udzielam porad prawnych, a tak\u017ce reprezentuj\u0119 osoby i podmioty gospodarcze przed S\u0105dami i innymi instytucjami pa\u0144stwowymi maj\u0105c na uwadze przede wszystkim dobro i interes Klient\u00f3w.<\/p>\n","protected":false},"author":1,"featured_media":0,"parent":0,"menu_order":0,"comment_status":"closed","ping_status":"closed","template":"","meta":{"footnotes":""},"class_list":["post-33","page","type-page","status-publish","hentry"],"yoast_head":"<!-- This site is optimized with the Yoast SEO plugin v27.4 - https:\/\/yoast.com\/product\/yoast-seo-wordpress\/ -->\n<title>Kamil Rybia\u0144ski - Adwokat Lublin<\/title>\n<meta name=\"description\" content=\"Adwokat Kamil Rybia\u0144ski prowadzi Kancelari\u0119 w Lublinie. Pomo\u017ce Ci w sprawach karnych, cywilnych i wielu innych - online lub stacjonarnie\" \/>\n<meta name=\"robots\" content=\"index, follow, max-snippet:-1, max-image-preview:large, max-video-preview:-1\" \/>\n<link rel=\"canonical\" href=\"https:\/\/rybianski.com\/\" \/>\n<meta property=\"og:locale\" content=\"pl_PL\" \/>\n<meta property=\"og:type\" content=\"article\" \/>\n<meta property=\"og:title\" content=\"Kamil Rybia\u0144ski - Adwokat Lublin\" \/>\n<meta property=\"og:description\" content=\"Adwokat Kamil Rybia\u0144ski prowadzi Kancelari\u0119 w Lublinie. Pomo\u017ce Ci w sprawach karnych, cywilnych i wielu innych - online lub stacjonarnie\" \/>\n<meta property=\"og:url\" content=\"https:\/\/rybianski.com\/\" \/>\n<meta property=\"og:site_name\" content=\"adw. Kamil Rybia\u0144ski\" \/>\n<meta property=\"article:modified_time\" content=\"2023-01-11T21:30:42+00:00\" \/>\n<meta name=\"twitter:card\" content=\"summary_large_image\" \/>\n<script type=\"application\/ld+json\" class=\"yoast-schema-graph\">{\"@context\":\"https:\\\/\\\/schema.org\",\"@graph\":[{\"@type\":\"WebPage\",\"@id\":\"https:\\\/\\\/rybianski.com\\\/\",\"url\":\"https:\\\/\\\/rybianski.com\\\/\",\"name\":\"Kamil Rybia\u0144ski - Adwokat Lublin\",\"isPartOf\":{\"@id\":\"https:\\\/\\\/rybianski.com\\\/#website\"},\"datePublished\":\"2021-11-10T23:06:27+00:00\",\"dateModified\":\"2023-01-11T21:30:42+00:00\",\"description\":\"Adwokat Kamil Rybia\u0144ski prowadzi Kancelari\u0119 w Lublinie. Pomo\u017ce Ci w sprawach karnych, cywilnych i wielu innych - online lub stacjonarnie\",\"breadcrumb\":{\"@id\":\"https:\\\/\\\/rybianski.com\\\/#breadcrumb\"},\"inLanguage\":\"pl-PL\",\"potentialAction\":[{\"@type\":\"ReadAction\",\"target\":[\"https:\\\/\\\/rybianski.com\\\/\"]}]},{\"@type\":\"BreadcrumbList\",\"@id\":\"https:\\\/\\\/rybianski.com\\\/#breadcrumb\",\"itemListElement\":[{\"@type\":\"ListItem\",\"position\":1,\"name\":\"Strona g\u0142\u00f3wna\",\"item\":\"https:\\\/\\\/rybianski.com\\\/\"},{\"@type\":\"ListItem\",\"position\":2,\"name\":\"O mnie\"}]},{\"@type\":\"WebSite\",\"@id\":\"https:\\\/\\\/rybianski.com\\\/#website\",\"url\":\"https:\\\/\\\/rybianski.com\\\/\",\"name\":\"adw. Kamil Rybia\u0144ski\",\"description\":\"ADWOKAT\",\"potentialAction\":[{\"@type\":\"SearchAction\",\"target\":{\"@type\":\"EntryPoint\",\"urlTemplate\":\"https:\\\/\\\/rybianski.com\\\/?s={search_term_string}\"},\"query-input\":{\"@type\":\"PropertyValueSpecification\",\"valueRequired\":true,\"valueName\":\"search_term_string\"}}],\"inLanguage\":\"pl-PL\"}]}<\/script>\n<!-- \/ Yoast SEO plugin. -->","yoast_head_json":{"title":"Kamil Rybia\u0144ski - Adwokat Lublin","description":"Adwokat Kamil Rybia\u0144ski prowadzi Kancelari\u0119 w Lublinie. Pomo\u017ce Ci w sprawach karnych, cywilnych i wielu innych - online lub stacjonarnie","robots":{"index":"index","follow":"follow","max-snippet":"max-snippet:-1","max-image-preview":"max-image-preview:large","max-video-preview":"max-video-preview:-1"},"canonical":"https:\/\/rybianski.com\/","og_locale":"pl_PL","og_type":"article","og_title":"Kamil Rybia\u0144ski - Adwokat Lublin","og_description":"Adwokat Kamil Rybia\u0144ski prowadzi Kancelari\u0119 w Lublinie. Pomo\u017ce Ci w sprawach karnych, cywilnych i wielu innych - online lub stacjonarnie","og_url":"https:\/\/rybianski.com\/","og_site_name":"adw. Kamil Rybia\u0144ski","article_modified_time":"2023-01-11T21:30:42+00:00","twitter_card":"summary_large_image","schema":{"@context":"https:\/\/schema.org","@graph":[{"@type":"WebPage","@id":"https:\/\/rybianski.com\/","url":"https:\/\/rybianski.com\/","name":"Kamil Rybia\u0144ski - Adwokat Lublin","isPartOf":{"@id":"https:\/\/rybianski.com\/#website"},"datePublished":"2021-11-10T23:06:27+00:00","dateModified":"2023-01-11T21:30:42+00:00","description":"Adwokat Kamil Rybia\u0144ski prowadzi Kancelari\u0119 w Lublinie. Pomo\u017ce Ci w sprawach karnych, cywilnych i wielu innych - online lub stacjonarnie","breadcrumb":{"@id":"https:\/\/rybianski.com\/#breadcrumb"},"inLanguage":"pl-PL","potentialAction":[{"@type":"ReadAction","target":["https:\/\/rybianski.com\/"]}]},{"@type":"BreadcrumbList","@id":"https:\/\/rybianski.com\/#breadcrumb","itemListElement":[{"@type":"ListItem","position":1,"name":"Strona g\u0142\u00f3wna","item":"https:\/\/rybianski.com\/"},{"@type":"ListItem","position":2,"name":"O mnie"}]},{"@type":"WebSite","@id":"https:\/\/rybianski.com\/#website","url":"https:\/\/rybianski.com\/","name":"adw. Kamil Rybia\u0144ski","description":"ADWOKAT","potentialAction":[{"@type":"SearchAction","target":{"@type":"EntryPoint","urlTemplate":"https:\/\/rybianski.com\/?s={search_term_string}"},"query-input":{"@type":"PropertyValueSpecification","valueRequired":true,"valueName":"search_term_string"}}],"inLanguage":"pl-PL"}]}},"_links":{"self":[{"href":"https:\/\/rybianski.com\/index.php\/wp-json\/wp\/v2\/pages\/33","targetHints":{"allow":["GET"]}}],"collection":[{"href":"https:\/\/rybianski.com\/index.php\/wp-json\/wp\/v2\/pages"}],"about":[{"href":"https:\/\/rybianski.com\/index.php\/wp-json\/wp\/v2\/types\/page"}],"author":[{"embeddable":true,"href":"https:\/\/rybianski.com\/index.php\/wp-json\/wp\/v2\/users\/1"}],"replies":[{"embeddable":true,"href":"https:\/\/rybianski.com\/index.php\/wp-json\/wp\/v2\/comments?post=33"}],"version-history":[{"count":11,"href":"https:\/\/rybianski.com\/index.php\/wp-json\/wp\/v2\/pages\/33\/revisions"}],"predecessor-version":[{"id":215,"href":"https:\/\/rybianski.com\/index.php\/wp-json\/wp\/v2\/pages\/33\/revisions\/215"}],"wp:attachment":[{"href":"https:\/\/rybianski.com\/index.php\/wp-json\/wp\/v2\/media?parent=33"}],"curies":[{"name":"wp","href":"https:\/\/api.w.org\/{rel}","templated":true}]}}