{"id":122,"date":"2021-11-18T12:51:39","date_gmt":"2021-11-18T12:51:39","guid":{"rendered":"http:\/\/rybianski.com\/?page_id=122"},"modified":"2022-01-06T18:48:40","modified_gmt":"2022-01-06T18:48:40","slug":"obsluga-przedsiebiorcow","status":"publish","type":"page","link":"https:\/\/rybianski.com\/index.php\/obsluga-przedsiebiorcow\/","title":{"rendered":"Przedsi\u0119biorcy"},"content":{"rendered":"<p style=\"text-align: justify;\">Jako profesjonalny pe\u0142nomocnik zajmuj\u0119 si\u0119 sta\u0142\u0105 oraz dora\u017an\u0105 obs\u0142ug\u0105 prawn\u0105 dla jednoosobowych dzia\u0142alno\u015bci gospodarczych jak i sp\u00f3\u0142ek prawa handlowego, tj.:<\/p>\r\n<ul>\r\n<li style=\"text-align: justify;\">sporz\u0105dzam i analizuj\u0119 umowy;<\/li>\r\n<li style=\"text-align: justify;\">reprezentuj\u0119 przedsi\u0119biorc\u00f3w przed s\u0105dami i organami administracyjnymi;<\/li>\r\n<li style=\"text-align: justify;\">sprawuj\u0119 nadz\u00f3r prawny nad ich bie\u017c\u0105c\u0105 dzia\u0142alno\u015bci\u0105;<\/li>\r\n<li style=\"text-align: justify;\">sporz\u0105dzam pisma kierowane do innych podmiot\u00f3w gospodarczych;<\/li>\r\n<li style=\"text-align: justify;\">zajmuj\u0119 si\u0119 doradztwem w zakresie problem\u00f3w prawnych, staraj\u0105c si\u0119 stworzy\u0107 najbardziej optymaln\u0105 strategi\u0119 biznesow\u0105 dla przedsi\u0119biorcy;<\/li>\r\n<li style=\"text-align: justify;\">zajmuj\u0119 si\u0119 odzyskiwaniem d\u0142ug\u00f3w w post\u0119powaniu polubownym i s\u0105dowym;<\/li>\r\n<li style=\"text-align: justify;\">broni\u0119 przedsi\u0119biorc\u00f3w w post\u0119powaniach cywilnych, karnych jak i administracyjnych.<\/li>\r\n<\/ul>\r\n\r\n<p>&nbsp;<\/p>\r\n","protected":false},"excerpt":{"rendered":"<p>Jako profesjonalny pe\u0142nomocnik zajmuj\u0119 si\u0119 sta\u0142\u0105 oraz dora\u017an\u0105 obs\u0142ug\u0105 prawn\u0105 dla jednoosobowych dzia\u0142alno\u015bci gospodarczych jak i sp\u00f3\u0142ek prawa handlowego, tj.: sporz\u0105dzam i analizuj\u0119 umowy; reprezentuj\u0119 przedsi\u0119biorc\u00f3w przed s\u0105dami i organami administracyjnymi; sprawuj\u0119 nadz\u00f3r prawny nad ich bie\u017c\u0105c\u0105 dzia\u0142alno\u015bci\u0105; sporz\u0105dzam pisma kierowane do innych podmiot\u00f3w gospodarczych; zajmuj\u0119 si\u0119 doradztwem w zakresie problem\u00f3w prawnych, staraj\u0105c si\u0119 stworzy\u0107 &hellip; <\/p>\n<p class=\"link-more\"><a href=\"https:\/\/rybianski.com\/index.php\/obsluga-przedsiebiorcow\/\" class=\"more-link\">Czytaj dalej<span class=\"screen-reader-text\"> \u201ePrzedsi\u0119biorcy\u201d<\/span><\/a><\/p>\n","protected":false},"author":1,"featured_media":179,"parent":0,"menu_order":0,"comment_status":"closed","ping_status":"closed","template":"","meta":{"footnotes":""},"class_list":["post-122","page","type-page","status-publish","has-post-thumbnail","hentry"],"yoast_head":"<!-- This site is optimized with the Yoast SEO plugin v27.4 - https:\/\/yoast.com\/product\/yoast-seo-wordpress\/ -->\n<title>Przedsi\u0119biorcy - adw. Kamil Rybia\u0144ski<\/title>\n<meta name=\"description\" content=\"adwokat Kamil Rybia\u0144ski zajmuje si\u0119 obs\u0142ug\u0105 prawn\u0105 firm, udziela porad prawnych, a tak\u017ce sporz\u0105dza i analizuje umowy w obrocie gospodarczym.\" \/>\n<meta name=\"robots\" content=\"index, follow, max-snippet:-1, max-image-preview:large, max-video-preview:-1\" \/>\n<link rel=\"canonical\" href=\"https:\/\/rybianski.com\/index.php\/obsluga-przedsiebiorcow\/\" \/>\n<meta property=\"og:locale\" content=\"pl_PL\" \/>\n<meta property=\"og:type\" content=\"article\" \/>\n<meta property=\"og:title\" content=\"Przedsi\u0119biorcy - adw. Kamil Rybia\u0144ski\" \/>\n<meta property=\"og:description\" content=\"adwokat Kamil Rybia\u0144ski zajmuje si\u0119 obs\u0142ug\u0105 prawn\u0105 firm, udziela porad prawnych, a tak\u017ce sporz\u0105dza i analizuje umowy w obrocie gospodarczym.\" \/>\n<meta property=\"og:url\" content=\"https:\/\/rybianski.com\/index.php\/obsluga-przedsiebiorcow\/\" \/>\n<meta property=\"og:site_name\" content=\"adw. Kamil Rybia\u0144ski\" \/>\n<meta property=\"article:modified_time\" content=\"2022-01-06T18:48:40+00:00\" \/>\n<meta property=\"og:image\" content=\"https:\/\/rybianski.com\/wp-content\/uploads\/2021\/11\/IMG_7137-scaled.jpeg\" \/>\n\t<meta property=\"og:image:width\" content=\"2560\" \/>\n\t<meta property=\"og:image:height\" content=\"1536\" \/>\n\t<meta property=\"og:image:type\" content=\"image\/jpeg\" \/>\n<meta name=\"twitter:card\" content=\"summary_large_image\" \/>\n<meta name=\"twitter:label1\" content=\"Szacowany czas czytania\" \/>\n\t<meta name=\"twitter:data1\" content=\"1 minuta\" \/>\n<script type=\"application\/ld+json\" class=\"yoast-schema-graph\">{\"@context\":\"https:\\\/\\\/schema.org\",\"@graph\":[{\"@type\":\"WebPage\",\"@id\":\"https:\\\/\\\/rybianski.com\\\/index.php\\\/obsluga-przedsiebiorcow\\\/\",\"url\":\"https:\\\/\\\/rybianski.com\\\/index.php\\\/obsluga-przedsiebiorcow\\\/\",\"name\":\"Przedsi\u0119biorcy - adw. Kamil Rybia\u0144ski\",\"isPartOf\":{\"@id\":\"https:\\\/\\\/rybianski.com\\\/#website\"},\"primaryImageOfPage\":{\"@id\":\"https:\\\/\\\/rybianski.com\\\/index.php\\\/obsluga-przedsiebiorcow\\\/#primaryimage\"},\"image\":{\"@id\":\"https:\\\/\\\/rybianski.com\\\/index.php\\\/obsluga-przedsiebiorcow\\\/#primaryimage\"},\"thumbnailUrl\":\"https:\\\/\\\/rybianski.com\\\/wp-content\\\/uploads\\\/2021\\\/11\\\/IMG_7137-scaled.jpeg\",\"datePublished\":\"2021-11-18T12:51:39+00:00\",\"dateModified\":\"2022-01-06T18:48:40+00:00\",\"description\":\"adwokat Kamil Rybia\u0144ski zajmuje si\u0119 obs\u0142ug\u0105 prawn\u0105 firm, udziela porad prawnych, a tak\u017ce sporz\u0105dza i analizuje umowy w obrocie gospodarczym.\",\"breadcrumb\":{\"@id\":\"https:\\\/\\\/rybianski.com\\\/index.php\\\/obsluga-przedsiebiorcow\\\/#breadcrumb\"},\"inLanguage\":\"pl-PL\",\"potentialAction\":[{\"@type\":\"ReadAction\",\"target\":[\"https:\\\/\\\/rybianski.com\\\/index.php\\\/obsluga-przedsiebiorcow\\\/\"]}]},{\"@type\":\"ImageObject\",\"inLanguage\":\"pl-PL\",\"@id\":\"https:\\\/\\\/rybianski.com\\\/index.php\\\/obsluga-przedsiebiorcow\\\/#primaryimage\",\"url\":\"https:\\\/\\\/rybianski.com\\\/wp-content\\\/uploads\\\/2021\\\/11\\\/IMG_7137-scaled.jpeg\",\"contentUrl\":\"https:\\\/\\\/rybianski.com\\\/wp-content\\\/uploads\\\/2021\\\/11\\\/IMG_7137-scaled.jpeg\",\"width\":2560,\"height\":1536},{\"@type\":\"BreadcrumbList\",\"@id\":\"https:\\\/\\\/rybianski.com\\\/index.php\\\/obsluga-przedsiebiorcow\\\/#breadcrumb\",\"itemListElement\":[{\"@type\":\"ListItem\",\"position\":1,\"name\":\"Strona g\u0142\u00f3wna\",\"item\":\"https:\\\/\\\/rybianski.com\\\/\"},{\"@type\":\"ListItem\",\"position\":2,\"name\":\"Przedsi\u0119biorcy\"}]},{\"@type\":\"WebSite\",\"@id\":\"https:\\\/\\\/rybianski.com\\\/#website\",\"url\":\"https:\\\/\\\/rybianski.com\\\/\",\"name\":\"adw. Kamil Rybia\u0144ski\",\"description\":\"ADWOKAT\",\"potentialAction\":[{\"@type\":\"SearchAction\",\"target\":{\"@type\":\"EntryPoint\",\"urlTemplate\":\"https:\\\/\\\/rybianski.com\\\/?s={search_term_string}\"},\"query-input\":{\"@type\":\"PropertyValueSpecification\",\"valueRequired\":true,\"valueName\":\"search_term_string\"}}],\"inLanguage\":\"pl-PL\"}]}<\/script>\n<!-- \/ Yoast SEO plugin. -->","yoast_head_json":{"title":"Przedsi\u0119biorcy - adw. Kamil Rybia\u0144ski","description":"adwokat Kamil Rybia\u0144ski zajmuje si\u0119 obs\u0142ug\u0105 prawn\u0105 firm, udziela porad prawnych, a tak\u017ce sporz\u0105dza i analizuje umowy w obrocie gospodarczym.","robots":{"index":"index","follow":"follow","max-snippet":"max-snippet:-1","max-image-preview":"max-image-preview:large","max-video-preview":"max-video-preview:-1"},"canonical":"https:\/\/rybianski.com\/index.php\/obsluga-przedsiebiorcow\/","og_locale":"pl_PL","og_type":"article","og_title":"Przedsi\u0119biorcy - adw. Kamil Rybia\u0144ski","og_description":"adwokat Kamil Rybia\u0144ski zajmuje si\u0119 obs\u0142ug\u0105 prawn\u0105 firm, udziela porad prawnych, a tak\u017ce sporz\u0105dza i analizuje umowy w obrocie gospodarczym.","og_url":"https:\/\/rybianski.com\/index.php\/obsluga-przedsiebiorcow\/","og_site_name":"adw. Kamil Rybia\u0144ski","article_modified_time":"2022-01-06T18:48:40+00:00","og_image":[{"width":2560,"height":1536,"url":"https:\/\/rybianski.com\/wp-content\/uploads\/2021\/11\/IMG_7137-scaled.jpeg","type":"image\/jpeg"}],"twitter_card":"summary_large_image","twitter_misc":{"Szacowany czas czytania":"1 minuta"},"schema":{"@context":"https:\/\/schema.org","@graph":[{"@type":"WebPage","@id":"https:\/\/rybianski.com\/index.php\/obsluga-przedsiebiorcow\/","url":"https:\/\/rybianski.com\/index.php\/obsluga-przedsiebiorcow\/","name":"Przedsi\u0119biorcy - adw. Kamil Rybia\u0144ski","isPartOf":{"@id":"https:\/\/rybianski.com\/#website"},"primaryImageOfPage":{"@id":"https:\/\/rybianski.com\/index.php\/obsluga-przedsiebiorcow\/#primaryimage"},"image":{"@id":"https:\/\/rybianski.com\/index.php\/obsluga-przedsiebiorcow\/#primaryimage"},"thumbnailUrl":"https:\/\/rybianski.com\/wp-content\/uploads\/2021\/11\/IMG_7137-scaled.jpeg","datePublished":"2021-11-18T12:51:39+00:00","dateModified":"2022-01-06T18:48:40+00:00","description":"adwokat Kamil Rybia\u0144ski zajmuje si\u0119 obs\u0142ug\u0105 prawn\u0105 firm, udziela porad prawnych, a tak\u017ce sporz\u0105dza i analizuje umowy w obrocie gospodarczym.","breadcrumb":{"@id":"https:\/\/rybianski.com\/index.php\/obsluga-przedsiebiorcow\/#breadcrumb"},"inLanguage":"pl-PL","potentialAction":[{"@type":"ReadAction","target":["https:\/\/rybianski.com\/index.php\/obsluga-przedsiebiorcow\/"]}]},{"@type":"ImageObject","inLanguage":"pl-PL","@id":"https:\/\/rybianski.com\/index.php\/obsluga-przedsiebiorcow\/#primaryimage","url":"https:\/\/rybianski.com\/wp-content\/uploads\/2021\/11\/IMG_7137-scaled.jpeg","contentUrl":"https:\/\/rybianski.com\/wp-content\/uploads\/2021\/11\/IMG_7137-scaled.jpeg","width":2560,"height":1536},{"@type":"BreadcrumbList","@id":"https:\/\/rybianski.com\/index.php\/obsluga-przedsiebiorcow\/#breadcrumb","itemListElement":[{"@type":"ListItem","position":1,"name":"Strona g\u0142\u00f3wna","item":"https:\/\/rybianski.com\/"},{"@type":"ListItem","position":2,"name":"Przedsi\u0119biorcy"}]},{"@type":"WebSite","@id":"https:\/\/rybianski.com\/#website","url":"https:\/\/rybianski.com\/","name":"adw. Kamil Rybia\u0144ski","description":"ADWOKAT","potentialAction":[{"@type":"SearchAction","target":{"@type":"EntryPoint","urlTemplate":"https:\/\/rybianski.com\/?s={search_term_string}"},"query-input":{"@type":"PropertyValueSpecification","valueRequired":true,"valueName":"search_term_string"}}],"inLanguage":"pl-PL"}]}},"_links":{"self":[{"href":"https:\/\/rybianski.com\/index.php\/wp-json\/wp\/v2\/pages\/122","targetHints":{"allow":["GET"]}}],"collection":[{"href":"https:\/\/rybianski.com\/index.php\/wp-json\/wp\/v2\/pages"}],"about":[{"href":"https:\/\/rybianski.com\/index.php\/wp-json\/wp\/v2\/types\/page"}],"author":[{"embeddable":true,"href":"https:\/\/rybianski.com\/index.php\/wp-json\/wp\/v2\/users\/1"}],"replies":[{"embeddable":true,"href":"https:\/\/rybianski.com\/index.php\/wp-json\/wp\/v2\/comments?post=122"}],"version-history":[{"count":6,"href":"https:\/\/rybianski.com\/index.php\/wp-json\/wp\/v2\/pages\/122\/revisions"}],"predecessor-version":[{"id":190,"href":"https:\/\/rybianski.com\/index.php\/wp-json\/wp\/v2\/pages\/122\/revisions\/190"}],"wp:featuredmedia":[{"embeddable":true,"href":"https:\/\/rybianski.com\/index.php\/wp-json\/wp\/v2\/media\/179"}],"wp:attachment":[{"href":"https:\/\/rybianski.com\/index.php\/wp-json\/wp\/v2\/media?parent=122"}],"curies":[{"name":"wp","href":"https:\/\/api.w.org\/{rel}","templated":true}]}}