{"id":121,"date":"2021-11-18T12:51:39","date_gmt":"2021-11-18T12:51:39","guid":{"rendered":"http:\/\/rybianski.com\/?page_id=121"},"modified":"2022-01-06T19:13:26","modified_gmt":"2022-01-06T19:13:26","slug":"sprawy-administracyjne","status":"publish","type":"page","link":"https:\/\/rybianski.com\/index.php\/sprawy-administracyjne\/","title":{"rendered":"Sprawy administracyjne"},"content":{"rendered":"<p style=\"text-align: justify;\">W sprawach z zakresu prawa administracyjnego:<\/p>\n<ul>\n<li style=\"text-align: justify;\">b\u0119d\u0119 <strong>reprezentowa\u0142 Ci\u0119<\/strong> przed organami administracji;<\/li>\n<li style=\"text-align: justify;\"><strong>sporz\u0105dz\u0119 odwo\u0142anie b\u0105d\u017a skarg\u0119<\/strong> od decyzji administracyjnej;<\/li>\n<li style=\"text-align: justify;\"><strong>pomog\u0119 uzyska\u0107<\/strong> potrzebne Ci decyzje, pozwolenia i koncesje;<\/li>\n<li style=\"text-align: justify;\"><strong>pomog\u0119 wype\u0142ni\u0107 dokumenty<\/strong> urz\u0119dowe;<\/li>\n<li style=\"text-align: justify;\"><strong>udziel\u0119 profesjonalnej porady<\/strong> i wska\u017c\u0119 dalsz\u0105 drog\u0119 post\u0119powania przed organem administracji publicznej i samorz\u0105dowej.<\/li>\n<\/ul>\n","protected":false},"excerpt":{"rendered":"<p>W sprawach z zakresu prawa administracyjnego: b\u0119d\u0119 reprezentowa\u0142 Ci\u0119 przed organami administracji; sporz\u0105dz\u0119 odwo\u0142anie b\u0105d\u017a skarg\u0119 od decyzji administracyjnej; pomog\u0119 uzyska\u0107 potrzebne Ci decyzje, pozwolenia i koncesje; pomog\u0119 wype\u0142ni\u0107 dokumenty urz\u0119dowe; udziel\u0119 profesjonalnej porady i wska\u017c\u0119 dalsz\u0105 drog\u0119 post\u0119powania przed organem administracji publicznej i samorz\u0105dowej.<\/p>\n","protected":false},"author":1,"featured_media":0,"parent":0,"menu_order":0,"comment_status":"closed","ping_status":"closed","template":"","meta":{"footnotes":""},"class_list":["post-121","page","type-page","status-publish","hentry"],"yoast_head":"<!-- This site is optimized with the Yoast SEO plugin v27.4 - https:\/\/yoast.com\/product\/yoast-seo-wordpress\/ -->\n<title>Sprawy administracyjne - adw. Kamil Rybia\u0144ski<\/title>\n<meta name=\"description\" content=\"adwokat Kamil Rybia\u0144ski prowadzi sprawy administracyjne. Sporz\u0105dza odwo\u0142ania od decyzji administracyjnej, skargi do s\u0105du, udziela porad.\" \/>\n<meta name=\"robots\" content=\"index, follow, max-snippet:-1, max-image-preview:large, max-video-preview:-1\" \/>\n<link rel=\"canonical\" href=\"https:\/\/rybianski.com\/index.php\/sprawy-administracyjne\/\" \/>\n<meta property=\"og:locale\" content=\"pl_PL\" \/>\n<meta property=\"og:type\" content=\"article\" \/>\n<meta property=\"og:title\" content=\"Sprawy administracyjne - adw. Kamil Rybia\u0144ski\" \/>\n<meta property=\"og:description\" content=\"adwokat Kamil Rybia\u0144ski prowadzi sprawy administracyjne. Sporz\u0105dza odwo\u0142ania od decyzji administracyjnej, skargi do s\u0105du, udziela porad.\" \/>\n<meta property=\"og:url\" content=\"https:\/\/rybianski.com\/index.php\/sprawy-administracyjne\/\" \/>\n<meta property=\"og:site_name\" content=\"adw. Kamil Rybia\u0144ski\" \/>\n<meta property=\"article:modified_time\" content=\"2022-01-06T19:13:26+00:00\" \/>\n<meta name=\"twitter:card\" content=\"summary_large_image\" \/>\n<script type=\"application\/ld+json\" class=\"yoast-schema-graph\">{\"@context\":\"https:\\\/\\\/schema.org\",\"@graph\":[{\"@type\":\"WebPage\",\"@id\":\"https:\\\/\\\/rybianski.com\\\/index.php\\\/sprawy-administracyjne\\\/\",\"url\":\"https:\\\/\\\/rybianski.com\\\/index.php\\\/sprawy-administracyjne\\\/\",\"name\":\"Sprawy administracyjne - adw. Kamil Rybia\u0144ski\",\"isPartOf\":{\"@id\":\"https:\\\/\\\/rybianski.com\\\/#website\"},\"datePublished\":\"2021-11-18T12:51:39+00:00\",\"dateModified\":\"2022-01-06T19:13:26+00:00\",\"description\":\"adwokat Kamil Rybia\u0144ski prowadzi sprawy administracyjne. Sporz\u0105dza odwo\u0142ania od decyzji administracyjnej, skargi do s\u0105du, udziela porad.\",\"breadcrumb\":{\"@id\":\"https:\\\/\\\/rybianski.com\\\/index.php\\\/sprawy-administracyjne\\\/#breadcrumb\"},\"inLanguage\":\"pl-PL\",\"potentialAction\":[{\"@type\":\"ReadAction\",\"target\":[\"https:\\\/\\\/rybianski.com\\\/index.php\\\/sprawy-administracyjne\\\/\"]}]},{\"@type\":\"BreadcrumbList\",\"@id\":\"https:\\\/\\\/rybianski.com\\\/index.php\\\/sprawy-administracyjne\\\/#breadcrumb\",\"itemListElement\":[{\"@type\":\"ListItem\",\"position\":1,\"name\":\"Strona g\u0142\u00f3wna\",\"item\":\"https:\\\/\\\/rybianski.com\\\/\"},{\"@type\":\"ListItem\",\"position\":2,\"name\":\"Sprawy administracyjne\"}]},{\"@type\":\"WebSite\",\"@id\":\"https:\\\/\\\/rybianski.com\\\/#website\",\"url\":\"https:\\\/\\\/rybianski.com\\\/\",\"name\":\"adw. Kamil Rybia\u0144ski\",\"description\":\"ADWOKAT\",\"potentialAction\":[{\"@type\":\"SearchAction\",\"target\":{\"@type\":\"EntryPoint\",\"urlTemplate\":\"https:\\\/\\\/rybianski.com\\\/?s={search_term_string}\"},\"query-input\":{\"@type\":\"PropertyValueSpecification\",\"valueRequired\":true,\"valueName\":\"search_term_string\"}}],\"inLanguage\":\"pl-PL\"}]}<\/script>\n<!-- \/ Yoast SEO plugin. -->","yoast_head_json":{"title":"Sprawy administracyjne - adw. Kamil Rybia\u0144ski","description":"adwokat Kamil Rybia\u0144ski prowadzi sprawy administracyjne. Sporz\u0105dza odwo\u0142ania od decyzji administracyjnej, skargi do s\u0105du, udziela porad.","robots":{"index":"index","follow":"follow","max-snippet":"max-snippet:-1","max-image-preview":"max-image-preview:large","max-video-preview":"max-video-preview:-1"},"canonical":"https:\/\/rybianski.com\/index.php\/sprawy-administracyjne\/","og_locale":"pl_PL","og_type":"article","og_title":"Sprawy administracyjne - adw. Kamil Rybia\u0144ski","og_description":"adwokat Kamil Rybia\u0144ski prowadzi sprawy administracyjne. Sporz\u0105dza odwo\u0142ania od decyzji administracyjnej, skargi do s\u0105du, udziela porad.","og_url":"https:\/\/rybianski.com\/index.php\/sprawy-administracyjne\/","og_site_name":"adw. Kamil Rybia\u0144ski","article_modified_time":"2022-01-06T19:13:26+00:00","twitter_card":"summary_large_image","schema":{"@context":"https:\/\/schema.org","@graph":[{"@type":"WebPage","@id":"https:\/\/rybianski.com\/index.php\/sprawy-administracyjne\/","url":"https:\/\/rybianski.com\/index.php\/sprawy-administracyjne\/","name":"Sprawy administracyjne - adw. Kamil Rybia\u0144ski","isPartOf":{"@id":"https:\/\/rybianski.com\/#website"},"datePublished":"2021-11-18T12:51:39+00:00","dateModified":"2022-01-06T19:13:26+00:00","description":"adwokat Kamil Rybia\u0144ski prowadzi sprawy administracyjne. Sporz\u0105dza odwo\u0142ania od decyzji administracyjnej, skargi do s\u0105du, udziela porad.","breadcrumb":{"@id":"https:\/\/rybianski.com\/index.php\/sprawy-administracyjne\/#breadcrumb"},"inLanguage":"pl-PL","potentialAction":[{"@type":"ReadAction","target":["https:\/\/rybianski.com\/index.php\/sprawy-administracyjne\/"]}]},{"@type":"BreadcrumbList","@id":"https:\/\/rybianski.com\/index.php\/sprawy-administracyjne\/#breadcrumb","itemListElement":[{"@type":"ListItem","position":1,"name":"Strona g\u0142\u00f3wna","item":"https:\/\/rybianski.com\/"},{"@type":"ListItem","position":2,"name":"Sprawy administracyjne"}]},{"@type":"WebSite","@id":"https:\/\/rybianski.com\/#website","url":"https:\/\/rybianski.com\/","name":"adw. Kamil Rybia\u0144ski","description":"ADWOKAT","potentialAction":[{"@type":"SearchAction","target":{"@type":"EntryPoint","urlTemplate":"https:\/\/rybianski.com\/?s={search_term_string}"},"query-input":{"@type":"PropertyValueSpecification","valueRequired":true,"valueName":"search_term_string"}}],"inLanguage":"pl-PL"}]}},"_links":{"self":[{"href":"https:\/\/rybianski.com\/index.php\/wp-json\/wp\/v2\/pages\/121","targetHints":{"allow":["GET"]}}],"collection":[{"href":"https:\/\/rybianski.com\/index.php\/wp-json\/wp\/v2\/pages"}],"about":[{"href":"https:\/\/rybianski.com\/index.php\/wp-json\/wp\/v2\/types\/page"}],"author":[{"embeddable":true,"href":"https:\/\/rybianski.com\/index.php\/wp-json\/wp\/v2\/users\/1"}],"replies":[{"embeddable":true,"href":"https:\/\/rybianski.com\/index.php\/wp-json\/wp\/v2\/comments?post=121"}],"version-history":[{"count":5,"href":"https:\/\/rybianski.com\/index.php\/wp-json\/wp\/v2\/pages\/121\/revisions"}],"predecessor-version":[{"id":189,"href":"https:\/\/rybianski.com\/index.php\/wp-json\/wp\/v2\/pages\/121\/revisions\/189"}],"wp:attachment":[{"href":"https:\/\/rybianski.com\/index.php\/wp-json\/wp\/v2\/media?parent=121"}],"curies":[{"name":"wp","href":"https:\/\/api.w.org\/{rel}","templated":true}]}}