{"id":120,"date":"2021-11-18T12:51:39","date_gmt":"2021-11-18T12:51:39","guid":{"rendered":"http:\/\/rybianski.com\/?page_id=120"},"modified":"2023-01-11T21:32:27","modified_gmt":"2023-01-11T21:32:27","slug":"sprawy-karne","status":"publish","type":"page","link":"https:\/\/rybianski.com\/index.php\/sprawy-karne\/","title":{"rendered":"Sprawy karne"},"content":{"rendered":"<p style=\"text-align: justify;\">Pomog\u0119 Ci jako <strong>Tw\u00f3j obro\u0144ca<\/strong> na przyk\u0142ad gdy:<\/p>\n<ul style=\"text-align: justify;\">\n<li>otrzymasz <strong>wezwanie z Prokuratury, Policji<\/strong> lub innego organu \u015bcigania;<\/li>\n<li><strong>zostaniesz oskar\u017cony(a)<\/strong> o przest\u0119pstwo lub wykroczenie;<\/li>\n<li>b\u0119dziesz <strong>potrzebowa\u0142(a) pomocy<\/strong> w post\u0119powaniu karnym w S\u0105dzie;<\/li>\n<li>b\u0119dziesz chcia\u0142(a) <strong>odwo\u0142a\u0107 si\u0119 od wyroku czy postanowienia<\/strong> S\u0105du albo Prokuratora;<\/li>\n<li>b\u0119dziesz chcia\u0142(a) <strong>wstrzyma\u0107, odroczy\u0107 lub zamieni\u0107 orzeczon\u0105 kar\u0119<\/strong>;<\/li>\n<li>nie b\u0119dziesz zgadza\u0142(a) si\u0119 z otrzymanym mandatem<\/li>\n<\/ul>\n<p style=\"text-align: justify;\">Zostan\u0119 r\u00f3wnie\u017c <strong>Twoim pe\u0142nomocnikiem<\/strong> kiedy b\u0119dziesz pokrzywdzony przest\u0119pstwem lub wykroczeniem i w zwi\u0105zku z tym:<\/p>\n<ul>\n<li style=\"text-align: justify;\">profesjonalnie <strong>doradz\u0119<\/strong> i pomog\u0119 obra\u0107 strategi\u0119 procesow\u0105<\/li>\n<li style=\"text-align: justify;\">pomog\u0119 <strong>sporz\u0105dzi\u0107 zawiadomienie<\/strong> o mo\u017cliwo\u015bci pope\u0142nienia przest\u0119pstwa;<\/li>\n<li style=\"text-align: justify;\">b\u0119d\u0119 <strong>reprezentowa\u0142 w post\u0119powaniu karnym<\/strong>;<\/li>\n<li style=\"text-align: justify;\">pomog\u0119 uzyska\u0107 <strong>odszkodowanie lub zado\u015b\u0107uczynienie<\/strong>;<\/li>\n<li style=\"text-align: justify;\"><strong>odwo\u0142am si\u0119<\/strong> od orzeczenia S\u0105du z kt\u00f3rym si\u0119 nie zgadzasz.<\/li>\n<\/ul>\n","protected":false},"excerpt":{"rendered":"<p>Pomog\u0119 Ci jako Tw\u00f3j obro\u0144ca na przyk\u0142ad gdy: otrzymasz wezwanie z Prokuratury, Policji lub innego organu \u015bcigania; zostaniesz oskar\u017cony(a) o przest\u0119pstwo lub wykroczenie; b\u0119dziesz potrzebowa\u0142(a) pomocy w post\u0119powaniu karnym w S\u0105dzie; b\u0119dziesz chcia\u0142(a) odwo\u0142a\u0107 si\u0119 od wyroku czy postanowienia S\u0105du albo Prokuratora; b\u0119dziesz chcia\u0142(a) wstrzyma\u0107, odroczy\u0107 lub zamieni\u0107 orzeczon\u0105 kar\u0119; nie b\u0119dziesz zgadza\u0142(a) si\u0119 z &hellip; <\/p>\n<p class=\"link-more\"><a href=\"https:\/\/rybianski.com\/index.php\/sprawy-karne\/\" class=\"more-link\">Czytaj dalej<span class=\"screen-reader-text\"> \u201eSprawy karne\u201d<\/span><\/a><\/p>\n","protected":false},"author":1,"featured_media":150,"parent":0,"menu_order":0,"comment_status":"closed","ping_status":"closed","template":"","meta":{"footnotes":""},"class_list":["post-120","page","type-page","status-publish","has-post-thumbnail","hentry"],"yoast_head":"<!-- This site is optimized with the Yoast SEO plugin v27.4 - https:\/\/yoast.com\/product\/yoast-seo-wordpress\/ -->\n<title>Sprawy karne - adw. Kamil Rybia\u0144ski Adwokat Lublin<\/title>\n<meta name=\"description\" content=\"Adwokat Kamil Rybia\u0144ski zajmuj\u0119 si\u0119 obron\u0105 w sprawach karnych i o wykroczenie. Jest obro\u0144c\u0105 przed Policj\u0105, Prokuratur\u0105, S\u0105dem czy KAS.\" \/>\n<meta name=\"robots\" content=\"index, follow, max-snippet:-1, max-image-preview:large, max-video-preview:-1\" \/>\n<link rel=\"canonical\" href=\"https:\/\/rybianski.com\/index.php\/sprawy-karne\/\" \/>\n<meta property=\"og:locale\" content=\"pl_PL\" \/>\n<meta property=\"og:type\" content=\"article\" \/>\n<meta property=\"og:title\" content=\"Sprawy karne - adw. Kamil Rybia\u0144ski Adwokat Lublin\" \/>\n<meta property=\"og:description\" content=\"Adwokat Kamil Rybia\u0144ski zajmuj\u0119 si\u0119 obron\u0105 w sprawach karnych i o wykroczenie. Jest obro\u0144c\u0105 przed Policj\u0105, Prokuratur\u0105, S\u0105dem czy KAS.\" \/>\n<meta property=\"og:url\" content=\"https:\/\/rybianski.com\/index.php\/sprawy-karne\/\" \/>\n<meta property=\"og:site_name\" content=\"adw. Kamil Rybia\u0144ski\" \/>\n<meta property=\"article:modified_time\" content=\"2023-01-11T21:32:27+00:00\" \/>\n<meta property=\"og:image\" content=\"https:\/\/rybianski.com\/wp-content\/uploads\/2021\/11\/gf-fxvo-JtEA-Tpqj_sady-w-lublinie-zaczynaja-juz-orzekac-konieczne-maseczki-rekawiczki-dezynfekcja-i-mierzenie-temperatury-1920x1080-nocrop.jpg\" \/>\n\t<meta property=\"og:image:width\" content=\"1920\" \/>\n\t<meta property=\"og:image:height\" content=\"1152\" \/>\n\t<meta property=\"og:image:type\" content=\"image\/jpeg\" \/>\n<meta name=\"twitter:card\" content=\"summary_large_image\" \/>\n<meta name=\"twitter:label1\" content=\"Szacowany czas czytania\" \/>\n\t<meta name=\"twitter:data1\" content=\"1 minuta\" \/>\n<script type=\"application\/ld+json\" class=\"yoast-schema-graph\">{\"@context\":\"https:\\\/\\\/schema.org\",\"@graph\":[{\"@type\":\"WebPage\",\"@id\":\"https:\\\/\\\/rybianski.com\\\/index.php\\\/sprawy-karne\\\/\",\"url\":\"https:\\\/\\\/rybianski.com\\\/index.php\\\/sprawy-karne\\\/\",\"name\":\"Sprawy karne - adw. Kamil Rybia\u0144ski Adwokat Lublin\",\"isPartOf\":{\"@id\":\"https:\\\/\\\/rybianski.com\\\/#website\"},\"primaryImageOfPage\":{\"@id\":\"https:\\\/\\\/rybianski.com\\\/index.php\\\/sprawy-karne\\\/#primaryimage\"},\"image\":{\"@id\":\"https:\\\/\\\/rybianski.com\\\/index.php\\\/sprawy-karne\\\/#primaryimage\"},\"thumbnailUrl\":\"https:\\\/\\\/rybianski.com\\\/wp-content\\\/uploads\\\/2021\\\/11\\\/gf-fxvo-JtEA-Tpqj_sady-w-lublinie-zaczynaja-juz-orzekac-konieczne-maseczki-rekawiczki-dezynfekcja-i-mierzenie-temperatury-1920x1080-nocrop.jpg\",\"datePublished\":\"2021-11-18T12:51:39+00:00\",\"dateModified\":\"2023-01-11T21:32:27+00:00\",\"description\":\"Adwokat Kamil Rybia\u0144ski zajmuj\u0119 si\u0119 obron\u0105 w sprawach karnych i o wykroczenie. Jest obro\u0144c\u0105 przed Policj\u0105, Prokuratur\u0105, S\u0105dem czy KAS.\",\"breadcrumb\":{\"@id\":\"https:\\\/\\\/rybianski.com\\\/index.php\\\/sprawy-karne\\\/#breadcrumb\"},\"inLanguage\":\"pl-PL\",\"potentialAction\":[{\"@type\":\"ReadAction\",\"target\":[\"https:\\\/\\\/rybianski.com\\\/index.php\\\/sprawy-karne\\\/\"]}]},{\"@type\":\"ImageObject\",\"inLanguage\":\"pl-PL\",\"@id\":\"https:\\\/\\\/rybianski.com\\\/index.php\\\/sprawy-karne\\\/#primaryimage\",\"url\":\"https:\\\/\\\/rybianski.com\\\/wp-content\\\/uploads\\\/2021\\\/11\\\/gf-fxvo-JtEA-Tpqj_sady-w-lublinie-zaczynaja-juz-orzekac-konieczne-maseczki-rekawiczki-dezynfekcja-i-mierzenie-temperatury-1920x1080-nocrop.jpg\",\"contentUrl\":\"https:\\\/\\\/rybianski.com\\\/wp-content\\\/uploads\\\/2021\\\/11\\\/gf-fxvo-JtEA-Tpqj_sady-w-lublinie-zaczynaja-juz-orzekac-konieczne-maseczki-rekawiczki-dezynfekcja-i-mierzenie-temperatury-1920x1080-nocrop.jpg\",\"width\":1920,\"height\":1152},{\"@type\":\"BreadcrumbList\",\"@id\":\"https:\\\/\\\/rybianski.com\\\/index.php\\\/sprawy-karne\\\/#breadcrumb\",\"itemListElement\":[{\"@type\":\"ListItem\",\"position\":1,\"name\":\"Strona g\u0142\u00f3wna\",\"item\":\"https:\\\/\\\/rybianski.com\\\/\"},{\"@type\":\"ListItem\",\"position\":2,\"name\":\"Sprawy karne\"}]},{\"@type\":\"WebSite\",\"@id\":\"https:\\\/\\\/rybianski.com\\\/#website\",\"url\":\"https:\\\/\\\/rybianski.com\\\/\",\"name\":\"adw. Kamil Rybia\u0144ski\",\"description\":\"ADWOKAT\",\"potentialAction\":[{\"@type\":\"SearchAction\",\"target\":{\"@type\":\"EntryPoint\",\"urlTemplate\":\"https:\\\/\\\/rybianski.com\\\/?s={search_term_string}\"},\"query-input\":{\"@type\":\"PropertyValueSpecification\",\"valueRequired\":true,\"valueName\":\"search_term_string\"}}],\"inLanguage\":\"pl-PL\"}]}<\/script>\n<!-- \/ Yoast SEO plugin. -->","yoast_head_json":{"title":"Sprawy karne - adw. Kamil Rybia\u0144ski Adwokat Lublin","description":"Adwokat Kamil Rybia\u0144ski zajmuj\u0119 si\u0119 obron\u0105 w sprawach karnych i o wykroczenie. Jest obro\u0144c\u0105 przed Policj\u0105, Prokuratur\u0105, S\u0105dem czy KAS.","robots":{"index":"index","follow":"follow","max-snippet":"max-snippet:-1","max-image-preview":"max-image-preview:large","max-video-preview":"max-video-preview:-1"},"canonical":"https:\/\/rybianski.com\/index.php\/sprawy-karne\/","og_locale":"pl_PL","og_type":"article","og_title":"Sprawy karne - adw. Kamil Rybia\u0144ski Adwokat Lublin","og_description":"Adwokat Kamil Rybia\u0144ski zajmuj\u0119 si\u0119 obron\u0105 w sprawach karnych i o wykroczenie. Jest obro\u0144c\u0105 przed Policj\u0105, Prokuratur\u0105, S\u0105dem czy KAS.","og_url":"https:\/\/rybianski.com\/index.php\/sprawy-karne\/","og_site_name":"adw. Kamil Rybia\u0144ski","article_modified_time":"2023-01-11T21:32:27+00:00","og_image":[{"width":1920,"height":1152,"url":"https:\/\/rybianski.com\/wp-content\/uploads\/2021\/11\/gf-fxvo-JtEA-Tpqj_sady-w-lublinie-zaczynaja-juz-orzekac-konieczne-maseczki-rekawiczki-dezynfekcja-i-mierzenie-temperatury-1920x1080-nocrop.jpg","type":"image\/jpeg"}],"twitter_card":"summary_large_image","twitter_misc":{"Szacowany czas czytania":"1 minuta"},"schema":{"@context":"https:\/\/schema.org","@graph":[{"@type":"WebPage","@id":"https:\/\/rybianski.com\/index.php\/sprawy-karne\/","url":"https:\/\/rybianski.com\/index.php\/sprawy-karne\/","name":"Sprawy karne - adw. Kamil Rybia\u0144ski Adwokat Lublin","isPartOf":{"@id":"https:\/\/rybianski.com\/#website"},"primaryImageOfPage":{"@id":"https:\/\/rybianski.com\/index.php\/sprawy-karne\/#primaryimage"},"image":{"@id":"https:\/\/rybianski.com\/index.php\/sprawy-karne\/#primaryimage"},"thumbnailUrl":"https:\/\/rybianski.com\/wp-content\/uploads\/2021\/11\/gf-fxvo-JtEA-Tpqj_sady-w-lublinie-zaczynaja-juz-orzekac-konieczne-maseczki-rekawiczki-dezynfekcja-i-mierzenie-temperatury-1920x1080-nocrop.jpg","datePublished":"2021-11-18T12:51:39+00:00","dateModified":"2023-01-11T21:32:27+00:00","description":"Adwokat Kamil Rybia\u0144ski zajmuj\u0119 si\u0119 obron\u0105 w sprawach karnych i o wykroczenie. Jest obro\u0144c\u0105 przed Policj\u0105, Prokuratur\u0105, S\u0105dem czy KAS.","breadcrumb":{"@id":"https:\/\/rybianski.com\/index.php\/sprawy-karne\/#breadcrumb"},"inLanguage":"pl-PL","potentialAction":[{"@type":"ReadAction","target":["https:\/\/rybianski.com\/index.php\/sprawy-karne\/"]}]},{"@type":"ImageObject","inLanguage":"pl-PL","@id":"https:\/\/rybianski.com\/index.php\/sprawy-karne\/#primaryimage","url":"https:\/\/rybianski.com\/wp-content\/uploads\/2021\/11\/gf-fxvo-JtEA-Tpqj_sady-w-lublinie-zaczynaja-juz-orzekac-konieczne-maseczki-rekawiczki-dezynfekcja-i-mierzenie-temperatury-1920x1080-nocrop.jpg","contentUrl":"https:\/\/rybianski.com\/wp-content\/uploads\/2021\/11\/gf-fxvo-JtEA-Tpqj_sady-w-lublinie-zaczynaja-juz-orzekac-konieczne-maseczki-rekawiczki-dezynfekcja-i-mierzenie-temperatury-1920x1080-nocrop.jpg","width":1920,"height":1152},{"@type":"BreadcrumbList","@id":"https:\/\/rybianski.com\/index.php\/sprawy-karne\/#breadcrumb","itemListElement":[{"@type":"ListItem","position":1,"name":"Strona g\u0142\u00f3wna","item":"https:\/\/rybianski.com\/"},{"@type":"ListItem","position":2,"name":"Sprawy karne"}]},{"@type":"WebSite","@id":"https:\/\/rybianski.com\/#website","url":"https:\/\/rybianski.com\/","name":"adw. Kamil Rybia\u0144ski","description":"ADWOKAT","potentialAction":[{"@type":"SearchAction","target":{"@type":"EntryPoint","urlTemplate":"https:\/\/rybianski.com\/?s={search_term_string}"},"query-input":{"@type":"PropertyValueSpecification","valueRequired":true,"valueName":"search_term_string"}}],"inLanguage":"pl-PL"}]}},"_links":{"self":[{"href":"https:\/\/rybianski.com\/index.php\/wp-json\/wp\/v2\/pages\/120","targetHints":{"allow":["GET"]}}],"collection":[{"href":"https:\/\/rybianski.com\/index.php\/wp-json\/wp\/v2\/pages"}],"about":[{"href":"https:\/\/rybianski.com\/index.php\/wp-json\/wp\/v2\/types\/page"}],"author":[{"embeddable":true,"href":"https:\/\/rybianski.com\/index.php\/wp-json\/wp\/v2\/users\/1"}],"replies":[{"embeddable":true,"href":"https:\/\/rybianski.com\/index.php\/wp-json\/wp\/v2\/comments?post=120"}],"version-history":[{"count":5,"href":"https:\/\/rybianski.com\/index.php\/wp-json\/wp\/v2\/pages\/120\/revisions"}],"predecessor-version":[{"id":188,"href":"https:\/\/rybianski.com\/index.php\/wp-json\/wp\/v2\/pages\/120\/revisions\/188"}],"wp:featuredmedia":[{"embeddable":true,"href":"https:\/\/rybianski.com\/index.php\/wp-json\/wp\/v2\/media\/150"}],"wp:attachment":[{"href":"https:\/\/rybianski.com\/index.php\/wp-json\/wp\/v2\/media?parent=120"}],"curies":[{"name":"wp","href":"https:\/\/api.w.org\/{rel}","templated":true}]}}