{"id":119,"date":"2021-11-18T12:51:39","date_gmt":"2021-11-18T12:51:39","guid":{"rendered":"http:\/\/rybianski.com\/?page_id=119"},"modified":"2022-01-06T18:59:34","modified_gmt":"2022-01-06T18:59:34","slug":"sprawy-cywilne","status":"publish","type":"page","link":"https:\/\/rybianski.com\/index.php\/sprawy-cywilne\/","title":{"rendered":"Sprawy cywilne"},"content":{"rendered":"<p style=\"text-align: justify;\"><strong>Pomog\u0119 Ci<\/strong> w sprawach z zakresu:<\/p>\n<ul style=\"text-align: justify;\">\n<li><strong> prawa rodzinnego &#8211;<\/strong>\u00a0m. in. w post\u0119powaniach rozwodowych, alimentacyjnych, o kontakty, ustalenie miejsca pobytu dziecka czy w\u0142adz\u0119 rodzicielsk\u0105;<\/li>\n<li><strong>prawa rzeczowego<\/strong> &#8211; m. in. w post\u0119powaniach o ustalenie granic dzia\u0142ki, uzyskanie w\u0142asno\u015bci gruntu, kt\u00f3ry formalnie nie jest Twoj\u0105 w\u0142asno\u015bci\u0105, prawo przejazdu przez cudz\u0105 dzia\u0142k\u0119, odzyskanie Twojej w\u0142asno\u015bci, zniesieniu wsp\u00f3\u0142w\u0142asno\u015bci;<\/li>\n<li><strong>prawa zobowi\u0105za\u0144<\/strong> &#8211; w post\u0119powaniach o odzyskanie Twoich pieni\u0119dzy, w przedmiocie darowizny i do\u017cywocia, \u00a0analizie i sporz\u0105dzaniu um\u00f3w;<\/li>\n<li><strong>prawa spadkowego\u00a0<\/strong>&#8211; m. in. w post\u0119powaniach o stwierdzenie nabycia spadku, \u00a0&#8222;uniewa\u017cnienie&#8221; testamentu, dzia\u0142 maj\u0105tku po zmar\u0142ych, uzyskania \u015brodk\u00f3w pieni\u0119\u017cnych w przypadku wydziedziczenia.<\/li>\n<\/ul>\n<p style=\"text-align: justify;\">Pomog\u0119 Ci tak\u017ce <strong>uzyska\u0107 odszkodowanie i zado\u015b\u0107uczynienie<\/strong>, gdy ulegniesz wypadkowi b\u0105d\u017a kto\u015b <strong>wyrz\u0105dzi szkod\u0119<\/strong> w Twoim maj\u0105tku.<\/p>\n<p style=\"text-align: justify;\"><strong>Doradz\u0119 Ci<\/strong> w ka\u017cdej sprawie cywilnej w obronie Twoich interes\u00f3w.<\/p>\n<p>&nbsp;<\/p>\n","protected":false},"excerpt":{"rendered":"<p>Pomog\u0119 Ci w sprawach z zakresu: prawa rodzinnego &#8211;\u00a0m. in. w post\u0119powaniach rozwodowych, alimentacyjnych, o kontakty, ustalenie miejsca pobytu dziecka czy w\u0142adz\u0119 rodzicielsk\u0105; prawa rzeczowego &#8211; m. in. w post\u0119powaniach o ustalenie granic dzia\u0142ki, uzyskanie w\u0142asno\u015bci gruntu, kt\u00f3ry formalnie nie jest Twoj\u0105 w\u0142asno\u015bci\u0105, prawo przejazdu przez cudz\u0105 dzia\u0142k\u0119, odzyskanie Twojej w\u0142asno\u015bci, zniesieniu wsp\u00f3\u0142w\u0142asno\u015bci; prawa zobowi\u0105za\u0144 &hellip; <\/p>\n<p class=\"link-more\"><a href=\"https:\/\/rybianski.com\/index.php\/sprawy-cywilne\/\" class=\"more-link\">Czytaj dalej<span class=\"screen-reader-text\"> \u201eSprawy cywilne\u201d<\/span><\/a><\/p>\n","protected":false},"author":1,"featured_media":147,"parent":0,"menu_order":0,"comment_status":"closed","ping_status":"closed","template":"","meta":{"footnotes":""},"class_list":["post-119","page","type-page","status-publish","has-post-thumbnail","hentry"],"yoast_head":"<!-- This site is optimized with the Yoast SEO plugin v27.4 - https:\/\/yoast.com\/product\/yoast-seo-wordpress\/ -->\n<title>Sprawy cywilne - adw. Kamil Rybia\u0144ski<\/title>\n<meta name=\"description\" content=\"adwokat Kamil Rybia\u0144ski udziela porad i zajmuje si\u0119 sprawami cywilnymi m. in. o rozw\u00f3d, alimenty, kontakty, zap\u0142at\u0119, spadek, prawem pracy.\" \/>\n<meta name=\"robots\" content=\"index, follow, max-snippet:-1, max-image-preview:large, max-video-preview:-1\" \/>\n<link rel=\"canonical\" href=\"https:\/\/rybianski.com\/index.php\/sprawy-cywilne\/\" \/>\n<meta property=\"og:locale\" content=\"pl_PL\" \/>\n<meta property=\"og:type\" content=\"article\" \/>\n<meta property=\"og:title\" content=\"Sprawy cywilne - adw. Kamil Rybia\u0144ski\" \/>\n<meta property=\"og:description\" content=\"adwokat Kamil Rybia\u0144ski udziela porad i zajmuje si\u0119 sprawami cywilnymi m. in. o rozw\u00f3d, alimenty, kontakty, zap\u0142at\u0119, spadek, prawem pracy.\" \/>\n<meta property=\"og:url\" content=\"https:\/\/rybianski.com\/index.php\/sprawy-cywilne\/\" \/>\n<meta property=\"og:site_name\" content=\"adw. Kamil Rybia\u0144ski\" \/>\n<meta property=\"article:modified_time\" content=\"2022-01-06T18:59:34+00:00\" \/>\n<meta property=\"og:image\" content=\"https:\/\/rybianski.com\/wp-content\/uploads\/2021\/11\/IMG_7123-scaled.jpeg\" \/>\n\t<meta property=\"og:image:width\" content=\"2560\" \/>\n\t<meta property=\"og:image:height\" content=\"1536\" \/>\n\t<meta property=\"og:image:type\" content=\"image\/jpeg\" \/>\n<meta name=\"twitter:card\" content=\"summary_large_image\" \/>\n<meta name=\"twitter:label1\" content=\"Szacowany czas czytania\" \/>\n\t<meta name=\"twitter:data1\" content=\"1 minuta\" \/>\n<script type=\"application\/ld+json\" class=\"yoast-schema-graph\">{\"@context\":\"https:\\\/\\\/schema.org\",\"@graph\":[{\"@type\":\"WebPage\",\"@id\":\"https:\\\/\\\/rybianski.com\\\/index.php\\\/sprawy-cywilne\\\/\",\"url\":\"https:\\\/\\\/rybianski.com\\\/index.php\\\/sprawy-cywilne\\\/\",\"name\":\"Sprawy cywilne - adw. Kamil Rybia\u0144ski\",\"isPartOf\":{\"@id\":\"https:\\\/\\\/rybianski.com\\\/#website\"},\"primaryImageOfPage\":{\"@id\":\"https:\\\/\\\/rybianski.com\\\/index.php\\\/sprawy-cywilne\\\/#primaryimage\"},\"image\":{\"@id\":\"https:\\\/\\\/rybianski.com\\\/index.php\\\/sprawy-cywilne\\\/#primaryimage\"},\"thumbnailUrl\":\"https:\\\/\\\/rybianski.com\\\/wp-content\\\/uploads\\\/2021\\\/11\\\/IMG_7123-scaled.jpeg\",\"datePublished\":\"2021-11-18T12:51:39+00:00\",\"dateModified\":\"2022-01-06T18:59:34+00:00\",\"description\":\"adwokat Kamil Rybia\u0144ski udziela porad i zajmuje si\u0119 sprawami cywilnymi m. in. o rozw\u00f3d, alimenty, kontakty, zap\u0142at\u0119, spadek, prawem pracy.\",\"breadcrumb\":{\"@id\":\"https:\\\/\\\/rybianski.com\\\/index.php\\\/sprawy-cywilne\\\/#breadcrumb\"},\"inLanguage\":\"pl-PL\",\"potentialAction\":[{\"@type\":\"ReadAction\",\"target\":[\"https:\\\/\\\/rybianski.com\\\/index.php\\\/sprawy-cywilne\\\/\"]}]},{\"@type\":\"ImageObject\",\"inLanguage\":\"pl-PL\",\"@id\":\"https:\\\/\\\/rybianski.com\\\/index.php\\\/sprawy-cywilne\\\/#primaryimage\",\"url\":\"https:\\\/\\\/rybianski.com\\\/wp-content\\\/uploads\\\/2021\\\/11\\\/IMG_7123-scaled.jpeg\",\"contentUrl\":\"https:\\\/\\\/rybianski.com\\\/wp-content\\\/uploads\\\/2021\\\/11\\\/IMG_7123-scaled.jpeg\",\"width\":2560,\"height\":1536,\"caption\":\"adwokat Lublin prawnik rozw\u00f3d podzia\u0142 maj\u0105tku kredyt frankowy\"},{\"@type\":\"BreadcrumbList\",\"@id\":\"https:\\\/\\\/rybianski.com\\\/index.php\\\/sprawy-cywilne\\\/#breadcrumb\",\"itemListElement\":[{\"@type\":\"ListItem\",\"position\":1,\"name\":\"Strona g\u0142\u00f3wna\",\"item\":\"https:\\\/\\\/rybianski.com\\\/\"},{\"@type\":\"ListItem\",\"position\":2,\"name\":\"Sprawy cywilne\"}]},{\"@type\":\"WebSite\",\"@id\":\"https:\\\/\\\/rybianski.com\\\/#website\",\"url\":\"https:\\\/\\\/rybianski.com\\\/\",\"name\":\"adw. Kamil Rybia\u0144ski\",\"description\":\"ADWOKAT\",\"potentialAction\":[{\"@type\":\"SearchAction\",\"target\":{\"@type\":\"EntryPoint\",\"urlTemplate\":\"https:\\\/\\\/rybianski.com\\\/?s={search_term_string}\"},\"query-input\":{\"@type\":\"PropertyValueSpecification\",\"valueRequired\":true,\"valueName\":\"search_term_string\"}}],\"inLanguage\":\"pl-PL\"}]}<\/script>\n<!-- \/ Yoast SEO plugin. -->","yoast_head_json":{"title":"Sprawy cywilne - adw. Kamil Rybia\u0144ski","description":"adwokat Kamil Rybia\u0144ski udziela porad i zajmuje si\u0119 sprawami cywilnymi m. in. o rozw\u00f3d, alimenty, kontakty, zap\u0142at\u0119, spadek, prawem pracy.","robots":{"index":"index","follow":"follow","max-snippet":"max-snippet:-1","max-image-preview":"max-image-preview:large","max-video-preview":"max-video-preview:-1"},"canonical":"https:\/\/rybianski.com\/index.php\/sprawy-cywilne\/","og_locale":"pl_PL","og_type":"article","og_title":"Sprawy cywilne - adw. Kamil Rybia\u0144ski","og_description":"adwokat Kamil Rybia\u0144ski udziela porad i zajmuje si\u0119 sprawami cywilnymi m. in. o rozw\u00f3d, alimenty, kontakty, zap\u0142at\u0119, spadek, prawem pracy.","og_url":"https:\/\/rybianski.com\/index.php\/sprawy-cywilne\/","og_site_name":"adw. Kamil Rybia\u0144ski","article_modified_time":"2022-01-06T18:59:34+00:00","og_image":[{"width":2560,"height":1536,"url":"https:\/\/rybianski.com\/wp-content\/uploads\/2021\/11\/IMG_7123-scaled.jpeg","type":"image\/jpeg"}],"twitter_card":"summary_large_image","twitter_misc":{"Szacowany czas czytania":"1 minuta"},"schema":{"@context":"https:\/\/schema.org","@graph":[{"@type":"WebPage","@id":"https:\/\/rybianski.com\/index.php\/sprawy-cywilne\/","url":"https:\/\/rybianski.com\/index.php\/sprawy-cywilne\/","name":"Sprawy cywilne - adw. Kamil Rybia\u0144ski","isPartOf":{"@id":"https:\/\/rybianski.com\/#website"},"primaryImageOfPage":{"@id":"https:\/\/rybianski.com\/index.php\/sprawy-cywilne\/#primaryimage"},"image":{"@id":"https:\/\/rybianski.com\/index.php\/sprawy-cywilne\/#primaryimage"},"thumbnailUrl":"https:\/\/rybianski.com\/wp-content\/uploads\/2021\/11\/IMG_7123-scaled.jpeg","datePublished":"2021-11-18T12:51:39+00:00","dateModified":"2022-01-06T18:59:34+00:00","description":"adwokat Kamil Rybia\u0144ski udziela porad i zajmuje si\u0119 sprawami cywilnymi m. in. o rozw\u00f3d, alimenty, kontakty, zap\u0142at\u0119, spadek, prawem pracy.","breadcrumb":{"@id":"https:\/\/rybianski.com\/index.php\/sprawy-cywilne\/#breadcrumb"},"inLanguage":"pl-PL","potentialAction":[{"@type":"ReadAction","target":["https:\/\/rybianski.com\/index.php\/sprawy-cywilne\/"]}]},{"@type":"ImageObject","inLanguage":"pl-PL","@id":"https:\/\/rybianski.com\/index.php\/sprawy-cywilne\/#primaryimage","url":"https:\/\/rybianski.com\/wp-content\/uploads\/2021\/11\/IMG_7123-scaled.jpeg","contentUrl":"https:\/\/rybianski.com\/wp-content\/uploads\/2021\/11\/IMG_7123-scaled.jpeg","width":2560,"height":1536,"caption":"adwokat Lublin prawnik rozw\u00f3d podzia\u0142 maj\u0105tku kredyt frankowy"},{"@type":"BreadcrumbList","@id":"https:\/\/rybianski.com\/index.php\/sprawy-cywilne\/#breadcrumb","itemListElement":[{"@type":"ListItem","position":1,"name":"Strona g\u0142\u00f3wna","item":"https:\/\/rybianski.com\/"},{"@type":"ListItem","position":2,"name":"Sprawy cywilne"}]},{"@type":"WebSite","@id":"https:\/\/rybianski.com\/#website","url":"https:\/\/rybianski.com\/","name":"adw. Kamil Rybia\u0144ski","description":"ADWOKAT","potentialAction":[{"@type":"SearchAction","target":{"@type":"EntryPoint","urlTemplate":"https:\/\/rybianski.com\/?s={search_term_string}"},"query-input":{"@type":"PropertyValueSpecification","valueRequired":true,"valueName":"search_term_string"}}],"inLanguage":"pl-PL"}]}},"_links":{"self":[{"href":"https:\/\/rybianski.com\/index.php\/wp-json\/wp\/v2\/pages\/119","targetHints":{"allow":["GET"]}}],"collection":[{"href":"https:\/\/rybianski.com\/index.php\/wp-json\/wp\/v2\/pages"}],"about":[{"href":"https:\/\/rybianski.com\/index.php\/wp-json\/wp\/v2\/types\/page"}],"author":[{"embeddable":true,"href":"https:\/\/rybianski.com\/index.php\/wp-json\/wp\/v2\/users\/1"}],"replies":[{"embeddable":true,"href":"https:\/\/rybianski.com\/index.php\/wp-json\/wp\/v2\/comments?post=119"}],"version-history":[{"count":5,"href":"https:\/\/rybianski.com\/index.php\/wp-json\/wp\/v2\/pages\/119\/revisions"}],"predecessor-version":[{"id":187,"href":"https:\/\/rybianski.com\/index.php\/wp-json\/wp\/v2\/pages\/119\/revisions\/187"}],"wp:featuredmedia":[{"embeddable":true,"href":"https:\/\/rybianski.com\/index.php\/wp-json\/wp\/v2\/media\/147"}],"wp:attachment":[{"href":"https:\/\/rybianski.com\/index.php\/wp-json\/wp\/v2\/media?parent=119"}],"curies":[{"name":"wp","href":"https:\/\/api.w.org\/{rel}","templated":true}]}}